{"id":935,"date":"2021-04-18T18:37:14","date_gmt":"2021-04-18T18:37:14","guid":{"rendered":"https:\/\/mercicharterhelsinki.fi\/?page_id=935"},"modified":"2024-04-04T09:51:22","modified_gmt":"2024-04-04T09:51:22","slug":"veneenvuokraus","status":"publish","type":"page","link":"https:\/\/mercicharterhelsinki.fi\/en\/veneenvuokraus\/","title":{"rendered":"Boat"},"content":{"rendered":"\t\t<div data-elementor-type=\"wp-page\" data-elementor-id=\"935\" class=\"elementor elementor-935\" data-elementor-post-type=\"page\">\n\t\t\t\t\t\t<section class=\"elementor-section elementor-top-section elementor-element elementor-element-84ce6d4 elementor-section-height-min-height elementor-section-boxed elementor-section-height-default elementor-section-items-middle\" data-id=\"84ce6d4\" data-element_type=\"section\" data-e-type=\"section\" data-settings=\"{&quot;background_background&quot;:&quot;classic&quot;}\">\n\t\t\t\t\t\t\t<div class=\"elementor-background-overlay\"><\/div>\n\t\t\t\t\t\t\t<div class=\"elementor-container elementor-column-gap-default\">\n\t\t\t\t\t<div class=\"elementor-column elementor-col-100 elementor-top-column elementor-element elementor-element-27153fd4\" data-id=\"27153fd4\" data-element_type=\"column\" data-e-type=\"column\">\n\t\t\t<div class=\"elementor-widget-wrap elementor-element-populated\">\n\t\t\t\t\t\t<div class=\"elementor-element elementor-element-efd5e11 elementor-widget elementor-widget-heading\" data-id=\"efd5e11\" data-element_type=\"widget\" data-e-type=\"widget\" data-widget_type=\"heading.default\">\n\t\t\t\t<div class=\"elementor-widget-container\">\n\t\t\t\t\t<h1 class=\"elementor-heading-title elementor-size-default\">Veneen vuokraus<\/h1>\t\t\t\t<\/div>\n\t\t\t\t<\/div>\n\t\t\t\t<div class=\"elementor-element elementor-element-48e0ea65 elementor-widget-divider--view-line elementor-widget elementor-widget-divider\" data-id=\"48e0ea65\" data-element_type=\"widget\" data-e-type=\"widget\" data-widget_type=\"divider.default\">\n\t\t\t\t<div class=\"elementor-widget-container\">\n\t\t\t\t\t\t\t<div class=\"elementor-divider\">\n\t\t\t<span class=\"elementor-divider-separator\">\n\t\t\t\t\t\t<\/span>\n\t\t<\/div>\n\t\t\t\t\t\t<\/div>\n\t\t\t\t<\/div>\n\t\t\t\t\t<\/div>\n\t\t<\/div>\n\t\t\t\t\t<\/div>\n\t\t<\/section>\n\t\t\t\t<section class=\"elementor-section elementor-top-section elementor-element elementor-element-5f886cab elementor-section-boxed elementor-section-height-default elementor-section-height-default\" data-id=\"5f886cab\" data-element_type=\"section\" data-e-type=\"section\" data-settings=\"{&quot;background_background&quot;:&quot;gradient&quot;}\">\n\t\t\t\t\t\t<div class=\"elementor-container elementor-column-gap-default\">\n\t\t\t\t\t<div class=\"elementor-column elementor-col-50 elementor-top-column elementor-element elementor-element-35a1c145\" data-id=\"35a1c145\" data-element_type=\"column\" data-e-type=\"column\">\n\t\t\t<div class=\"elementor-widget-wrap elementor-element-populated\">\n\t\t\t\t\t\t<div class=\"elementor-element elementor-element-c2f65ee elementor-widget elementor-widget-image\" data-id=\"c2f65ee\" data-element_type=\"widget\" data-e-type=\"widget\" data-widget_type=\"image.default\">\n\t\t\t\t<div class=\"elementor-widget-container\">\n\t\t\t\t\t\t\t\t\t\t\t\t\t\t\t<img decoding=\"async\" src=\"https:\/\/mercicharterhelsinki.fi\/wp-content\/uploads\/elementor\/thumbs\/Tilausristeilyt-Helsinki-e1710882506973-qlgirxbe5v92i8ziamk72qfp1fmjvuin7s9wl3hy4m.jpg\" title=\"Tilausristeilyt Helsinki\" alt=\"Tilausristeilyt Helsinki\" loading=\"lazy\" \/>\t\t\t\t\t\t\t\t\t\t\t\t\t\t\t<\/div>\n\t\t\t\t<\/div>\n\t\t\t\t\t<\/div>\n\t\t<\/div>\n\t\t\t\t<div class=\"elementor-column elementor-col-50 elementor-top-column elementor-element elementor-element-3086116\" data-id=\"3086116\" data-element_type=\"column\" data-e-type=\"column\" data-settings=\"{&quot;background_background&quot;:&quot;gradient&quot;}\">\n\t\t\t<div class=\"elementor-widget-wrap elementor-element-populated\">\n\t\t\t\t\t\t<section class=\"elementor-section elementor-inner-section elementor-element elementor-element-e5fd935 elementor-section-boxed elementor-section-height-default elementor-section-height-default\" data-id=\"e5fd935\" data-element_type=\"section\" data-e-type=\"section\">\n\t\t\t\t\t\t<div class=\"elementor-container elementor-column-gap-default\">\n\t\t\t\t\t<div class=\"elementor-column elementor-col-100 elementor-inner-column elementor-element elementor-element-cb53c83\" data-id=\"cb53c83\" data-element_type=\"column\" data-e-type=\"column\">\n\t\t\t<div class=\"elementor-widget-wrap elementor-element-populated\">\n\t\t\t\t\t\t<div class=\"elementor-element elementor-element-ba733d2 elementor-widget elementor-widget-heading\" data-id=\"ba733d2\" data-element_type=\"widget\" data-e-type=\"widget\" data-widget_type=\"heading.default\">\n\t\t\t\t<div class=\"elementor-widget-container\">\n\t\t\t\t\t<h1 class=\"elementor-heading-title elementor-size-default\">Azimut 42<\/h1>\t\t\t\t<\/div>\n\t\t\t\t<\/div>\n\t\t\t\t<div class=\"elementor-element elementor-element-c436916 elementor-widget elementor-widget-heading\" data-id=\"c436916\" data-element_type=\"widget\" data-e-type=\"widget\" data-widget_type=\"heading.default\">\n\t\t\t\t<div class=\"elementor-widget-container\">\n\t\t\t\t\t<p class=\"elementor-heading-title elementor-size-default\">Tasokas Azimut 42 Fly tarjoaa unohtamattomia veneilyel\u00e4myksi\u00e4 Helsingin saaristossa. Kyytiin mahtuu \nmax. 11 henke\u00e4 ja makuupaikkoja l\u00f6ytyy 6:lle hengelle. <br> \n<br>Kolme makuuhytti\u00e4, kaksi wc:t\u00e4, kolme suihkua, stereot, kaksi televisiota ja runsaasti j\u00e4\u00e4kaappitilaa luovat mukavuutta ja viihtyvyytt\u00e4 matkalla. <br>\n<br>Voimme kulkea vieraidemme toiveiden mukaan 25 solmun marssinopeudella tai 9 solmun mukavuusvauhtia maisemia ihaillen. Noin 13 metrin pituudella ja 1,3 metrin syv\u00e4yksell\u00e4 veneell\u00e4 p\u00e4\u00e4see suurimpaan osaan satamista ja laitureista.<br>\n<br>Kaksi 390 hevosvoimasta CAT-dieselmoottoria ja keulaohjainpotkuri takaavat hyv\u00e4n k\u00e4ytett\u00e4vyyden ja turvallisuuden. Modernit navigointilaitteet automaattiohjauksineen varmistavat sujuvan matkan yl\u00e4- ja alaohjaamossa. \nWelcome on board!<\/p>\t\t\t\t<\/div>\n\t\t\t\t<\/div>\n\t\t\t\t<div class=\"elementor-element elementor-element-3da8388 elementor-widget-divider--view-line elementor-widget elementor-widget-divider\" data-id=\"3da8388\" data-element_type=\"widget\" data-e-type=\"widget\" data-widget_type=\"divider.default\">\n\t\t\t\t<div class=\"elementor-widget-container\">\n\t\t\t\t\t\t\t<div class=\"elementor-divider\">\n\t\t\t<span class=\"elementor-divider-separator\">\n\t\t\t\t\t\t<\/span>\n\t\t<\/div>\n\t\t\t\t\t\t<\/div>\n\t\t\t\t<\/div>\n\t\t\t\t\t<\/div>\n\t\t<\/div>\n\t\t\t\t\t<\/div>\n\t\t<\/section>\n\t\t\t\t\t<\/div>\n\t\t<\/div>\n\t\t\t\t\t<\/div>\n\t\t<\/section>\n\t\t\t\t<section class=\"elementor-section elementor-top-section elementor-element elementor-element-61c02720 elementor-section-boxed elementor-section-height-default elementor-section-height-default\" data-id=\"61c02720\" data-element_type=\"section\" data-e-type=\"section\" data-settings=\"{&quot;background_background&quot;:&quot;gradient&quot;}\">\n\t\t\t\t\t\t<div class=\"elementor-container elementor-column-gap-default\">\n\t\t\t\t\t<div class=\"elementor-column elementor-col-100 elementor-top-column elementor-element elementor-element-32bb2fdc\" data-id=\"32bb2fdc\" data-element_type=\"column\" data-e-type=\"column\" data-settings=\"{&quot;background_background&quot;:&quot;gradient&quot;}\">\n\t\t\t<div class=\"elementor-widget-wrap elementor-element-populated\">\n\t\t\t\t\t\t<section class=\"elementor-section elementor-inner-section elementor-element elementor-element-53b742b2 elementor-section-boxed elementor-section-height-default elementor-section-height-default\" data-id=\"53b742b2\" data-element_type=\"section\" data-e-type=\"section\" data-settings=\"{&quot;background_background&quot;:&quot;classic&quot;}\">\n\t\t\t\t\t\t<div class=\"elementor-container elementor-column-gap-default\">\n\t\t\t\t\t<div class=\"elementor-column elementor-col-100 elementor-inner-column elementor-element elementor-element-2d33d3a7\" data-id=\"2d33d3a7\" data-element_type=\"column\" data-e-type=\"column\">\n\t\t\t<div class=\"elementor-widget-wrap elementor-element-populated\">\n\t\t\t\t\t\t<div class=\"elementor-element elementor-element-c5a2bc7 elementor-widget elementor-widget-video\" data-id=\"c5a2bc7\" data-element_type=\"widget\" data-e-type=\"widget\" data-settings=\"{&quot;youtube_url&quot;:&quot;https:\\\/\\\/www.youtube.com\\\/watch?v=2Ou892Cww84&quot;,&quot;video_type&quot;:&quot;youtube&quot;,&quot;controls&quot;:&quot;yes&quot;}\" data-widget_type=\"video.default\">\n\t\t\t\t<div class=\"elementor-widget-container\">\n\t\t\t\t\t\t\t<div class=\"elementor-wrapper elementor-open-inline\">\n\t\t\t<div class=\"elementor-video\"><\/div>\t\t<\/div>\n\t\t\t\t\t\t<\/div>\n\t\t\t\t<\/div>\n\t\t\t\t\t<\/div>\n\t\t<\/div>\n\t\t\t\t\t<\/div>\n\t\t<\/section>\n\t\t\t\t<div class=\"elementor-element elementor-element-150cfbdc elementor-widget-divider--view-line elementor-widget elementor-widget-divider\" data-id=\"150cfbdc\" data-element_type=\"widget\" data-e-type=\"widget\" data-widget_type=\"divider.default\">\n\t\t\t\t<div class=\"elementor-widget-container\">\n\t\t\t\t\t\t\t<div class=\"elementor-divider\">\n\t\t\t<span class=\"elementor-divider-separator\">\n\t\t\t\t\t\t<\/span>\n\t\t<\/div>\n\t\t\t\t\t\t<\/div>\n\t\t\t\t<\/div>\n\t\t\t\t\t<\/div>\n\t\t<\/div>\n\t\t\t\t\t<\/div>\n\t\t<\/section>\n\t\t\t\t<section class=\"elementor-section elementor-top-section elementor-element elementor-element-bd20b56 elementor-section-content-top elementor-section-boxed elementor-section-height-default elementor-section-height-default\" data-id=\"bd20b56\" data-element_type=\"section\" data-e-type=\"section\" data-settings=\"{&quot;background_background&quot;:&quot;classic&quot;}\">\n\t\t\t\t\t\t<div class=\"elementor-container elementor-column-gap-default\">\n\t\t\t\t\t<div class=\"elementor-column elementor-col-50 elementor-top-column elementor-element elementor-element-3176182\" data-id=\"3176182\" data-element_type=\"column\" data-e-type=\"column\">\n\t\t\t<div class=\"elementor-widget-wrap elementor-element-populated\">\n\t\t\t\t\t\t<div class=\"elementor-element elementor-element-eb995ec elementor-widget elementor-widget-global elementor-global-1076 elementor-widget-heading\" data-id=\"eb995ec\" data-element_type=\"widget\" data-e-type=\"widget\" data-widget_type=\"heading.default\">\n\t\t\t\t<div class=\"elementor-widget-container\">\n\t\t\t\t\t<h2 class=\"elementor-heading-title elementor-size-default\">Merci Charter Helsinki<\/h2>\t\t\t\t<\/div>\n\t\t\t\t<\/div>\n\t\t\t\t<div class=\"elementor-element elementor-element-4f889f2 elementor-widget-divider--view-line elementor-widget elementor-widget-divider\" data-id=\"4f889f2\" data-element_type=\"widget\" data-e-type=\"widget\" data-widget_type=\"divider.default\">\n\t\t\t\t<div class=\"elementor-widget-container\">\n\t\t\t\t\t\t\t<div class=\"elementor-divider\">\n\t\t\t<span class=\"elementor-divider-separator\">\n\t\t\t\t\t\t<\/span>\n\t\t<\/div>\n\t\t\t\t\t\t<\/div>\n\t\t\t\t<\/div>\n\t\t\t\t<div class=\"elementor-element elementor-element-f27ffea elementor-widget elementor-widget-text-editor\" data-id=\"f27ffea\" data-element_type=\"widget\" data-e-type=\"widget\" data-widget_type=\"text-editor.default\">\n\t\t\t\t<div class=\"elementor-widget-container\">\n\t\t\t\t\t\t\t\t\t<p class=\"p1\">Merci Charter Helsinki tarjoaa veneilyel\u00e4myksi\u00e4 p\u00e4\u00e4s\u00e4\u00e4nt\u00f6isesti Helsingist\u00e4 k\u00e4sin. Vene on riitt\u00e4v\u00e4n iso tarjotakseen tasokkaan kyydin makuupaikkoineen kuudelle hengelle tai el\u00e4myksellisen p\u00e4iv\u00e4risteilyn 11 hengelle. Noin 13 metrin pituudella ja 1,3 metrin syv\u00e4yksell\u00e4 vene kuitenkin mahtuu ja p\u00e4\u00e4see suurimpaan osaan satamista ja laitureista. Yhteisty\u00f6kumppaneiden avulla voimme toteuttaa lounastarjoilut ja rennot illalliset. My\u00f6s omat ev\u00e4\u00e4t ja alkoholit ovat sallittuja. Sivuiltamme l\u00f6ytyy joitain esimerkkiristeilyj\u00e4 hintatasoineen, mutta mielell\u00e4mme r\u00e4\u00e4t\u00e4l\u00f6imme juuri teid\u00e4n seurueellenne sopivan ohjelman.<\/p><p class=\"p1\"><span style=\"font-style: inherit; font-weight: inherit;\">Osaamme ottaa huomioon niin liikemiesten kokousten erityispiirteet kuin perheen pienimpien erityistoiveetkin. Erikseen pyydett\u00e4ess\u00e4 innokas laivakoira Kika tulee valvomaan tapahtumaa. My\u00f6s juniorikapteeneille sopiva pieni moottoroitu kumivene on mahdollista ottaa mukaan.<\/span><\/p><p class=\"p1\"><span style=\"font-style: inherit; font-weight: inherit;\">Kerro, haluatteko kokea ainutlaatuista saaristoluontoa, n\u00e4hd\u00e4 kaupunkia merelt\u00e4, bilett\u00e4\u00e4 veneell\u00e4 tai siirty\u00e4 nopeasti vaikka Porvooseen tai Tallinnaan. J\u00e4rjest\u00e4mme toiveidenne mukaisen el\u00e4myksen, jossa voitte yhdist\u00e4\u00e4 vaikka kaikki edell\u00e4 mainitut.<\/span><\/p>\t\t\t\t\t\t\t\t<\/div>\n\t\t\t\t<\/div>\n\t\t\t\t<div class=\"elementor-element elementor-element-3efc890 elementor-widget elementor-widget-image\" data-id=\"3efc890\" data-element_type=\"widget\" data-e-type=\"widget\" data-widget_type=\"image.default\">\n\t\t\t\t<div class=\"elementor-widget-container\">\n\t\t\t\t\t\t\t\t\t\t\t\t\t\t\t<img fetchpriority=\"high\" decoding=\"async\" width=\"1439\" height=\"1044\" src=\"https:\/\/mercicharterhelsinki.fi\/wp-content\/uploads\/2021\/04\/24be143c13b00932-large-e1710874286200.jpeg\" class=\"attachment-full size-full wp-image-715\" alt=\"\" srcset=\"https:\/\/mercicharterhelsinki.fi\/wp-content\/uploads\/2021\/04\/24be143c13b00932-large-e1710874286200.jpeg 1439w, https:\/\/mercicharterhelsinki.fi\/wp-content\/uploads\/2021\/04\/24be143c13b00932-large-e1710874286200-300x218.jpeg 300w, https:\/\/mercicharterhelsinki.fi\/wp-content\/uploads\/2021\/04\/24be143c13b00932-large-e1710874286200-1024x743.jpeg 1024w, https:\/\/mercicharterhelsinki.fi\/wp-content\/uploads\/2021\/04\/24be143c13b00932-large-e1710874286200-768x557.jpeg 768w, https:\/\/mercicharterhelsinki.fi\/wp-content\/uploads\/2021\/04\/24be143c13b00932-large-e1710874286200-18x12.jpeg 18w\" sizes=\"(max-width: 1439px) 100vw, 1439px\" \/>\t\t\t\t\t\t\t\t\t\t\t\t\t\t\t<\/div>\n\t\t\t\t<\/div>\n\t\t\t\t<div class=\"elementor-element elementor-element-bbc162e elementor-widget elementor-widget-spacer\" data-id=\"bbc162e\" data-element_type=\"widget\" data-e-type=\"widget\" data-widget_type=\"spacer.default\">\n\t\t\t\t<div class=\"elementor-widget-container\">\n\t\t\t\t\t\t\t<div class=\"elementor-spacer\">\n\t\t\t<div class=\"elementor-spacer-inner\"><\/div>\n\t\t<\/div>\n\t\t\t\t\t\t<\/div>\n\t\t\t\t<\/div>\n\t\t\t\t\t<\/div>\n\t\t<\/div>\n\t\t\t\t<div class=\"elementor-column elementor-col-50 elementor-top-column elementor-element elementor-element-b7df966\" data-id=\"b7df966\" data-element_type=\"column\" data-e-type=\"column\">\n\t\t\t<div class=\"elementor-widget-wrap elementor-element-populated\">\n\t\t\t\t\t\t<div class=\"elementor-element elementor-element-1ce5662 elementor-widget elementor-widget-heading\" data-id=\"1ce5662\" data-element_type=\"widget\" data-e-type=\"widget\" data-widget_type=\"heading.default\">\n\t\t\t\t<div class=\"elementor-widget-container\">\n\t\t\t\t\t<h2 class=\"elementor-heading-title elementor-size-default\">Pyyd\u00e4 Tarjous \/ Varaa Risteily<\/h2>\t\t\t\t<\/div>\n\t\t\t\t<\/div>\n\t\t\t\t<div class=\"elementor-element elementor-element-37b0953 elementor-widget-divider--view-line elementor-widget elementor-widget-divider\" data-id=\"37b0953\" data-element_type=\"widget\" data-e-type=\"widget\" data-widget_type=\"divider.default\">\n\t\t\t\t<div class=\"elementor-widget-container\">\n\t\t\t\t\t\t\t<div class=\"elementor-divider\">\n\t\t\t<span class=\"elementor-divider-separator\">\n\t\t\t\t\t\t<\/span>\n\t\t<\/div>\n\t\t\t\t\t\t<\/div>\n\t\t\t\t<\/div>\n\t\t\t\t<div class=\"elementor-element elementor-element-ef063f8 elementor-button-align-stretch elementor-widget elementor-widget-form\" data-id=\"ef063f8\" data-element_type=\"widget\" data-e-type=\"widget\" data-settings=\"{&quot;step_next_label&quot;:&quot;Next&quot;,&quot;step_previous_label&quot;:&quot;Previous&quot;,&quot;button_width&quot;:&quot;100&quot;,&quot;step_type&quot;:&quot;number_text&quot;,&quot;step_icon_shape&quot;:&quot;circle&quot;}\" data-widget_type=\"form.default\">\n\t\t\t\t<div class=\"elementor-widget-container\">\n\t\t\t\t\t\t\t<form class=\"elementor-form\" method=\"post\" name=\"New Form\" aria-label=\"New Form\">\n\t\t\t<input type=\"hidden\" name=\"post_id\" value=\"935\"\/>\n\t\t\t<input type=\"hidden\" name=\"form_id\" value=\"ef063f8\"\/>\n\t\t\t<input type=\"hidden\" name=\"referer_title\" value=\"Vene\" \/>\n\n\t\t\t\t\t\t\t<input type=\"hidden\" name=\"queried_id\" value=\"935\"\/>\n\t\t\t\n\t\t\t<div class=\"elementor-form-fields-wrapper elementor-labels-\">\n\t\t\t\t\t\t\t\t<div class=\"elementor-field-type-text elementor-field-group elementor-column elementor-field-group-name elementor-col-100\">\n\t\t\t\t\t\t\t\t\t\t\t\t<label for=\"form-field-name\" class=\"elementor-field-label elementor-screen-only\">\n\t\t\t\t\t\t\t\tName\t\t\t\t\t\t\t<\/label>\n\t\t\t\t\t\t\t\t\t\t\t\t\t\t<input size=\"1\" type=\"text\" name=\"form_fields[name]\" id=\"form-field-name\" class=\"elementor-field elementor-size-sm  elementor-field-textual\" placeholder=\"Nimi\">\n\t\t\t\t\t\t\t\t\t\t\t<\/div>\n\t\t\t\t\t\t\t\t<div class=\"elementor-field-type-email elementor-field-group elementor-column elementor-field-group-email elementor-col-100 elementor-field-required\">\n\t\t\t\t\t\t\t\t\t\t\t\t<label for=\"form-field-email\" class=\"elementor-field-label elementor-screen-only\">\n\t\t\t\t\t\t\t\tEmail\t\t\t\t\t\t\t<\/label>\n\t\t\t\t\t\t\t\t\t\t\t\t\t\t<input size=\"1\" type=\"email\" name=\"form_fields[email]\" id=\"form-field-email\" class=\"elementor-field elementor-size-sm  elementor-field-textual\" placeholder=\"S\u00e4hk\u00f6posti\" required=\"required\">\n\t\t\t\t\t\t\t\t\t\t\t<\/div>\n\t\t\t\t\t\t\t\t<div class=\"elementor-field-type-tel elementor-field-group elementor-column elementor-field-group-field_3 elementor-col-100 elementor-field-required\">\n\t\t\t\t\t\t\t\t\t\t\t\t<label for=\"form-field-field_3\" class=\"elementor-field-label elementor-screen-only\">\n\t\t\t\t\t\t\t\tPhone\t\t\t\t\t\t\t<\/label>\n\t\t\t\t\t\t\t\t<input size=\"1\" type=\"tel\" name=\"form_fields[field_3]\" id=\"form-field-field_3\" class=\"elementor-field elementor-size-sm  elementor-field-textual\" placeholder=\"Puhelin\" required=\"required\" pattern=\"[0-9()#&amp;+*-=.]+\" title=\"Phone\">\n\n\t\t\t\t\t\t<\/div>\n\t\t\t\t\t\t\t\t<div class=\"elementor-field-type-select elementor-field-group elementor-column elementor-field-group-field_1 elementor-col-100 elementor-field-required\">\n\t\t\t\t\t\t\t\t\t\t\t\t<label for=\"form-field-field_1\" class=\"elementor-field-label elementor-screen-only\">\n\t\t\t\t\t\t\t\tRisteilypaketti\t\t\t\t\t\t\t<\/label>\n\t\t\t\t\t\t\t\t<div class=\"elementor-field elementor-select-wrapper remove-before \">\n\t\t\t<div class=\"select-caret-down-wrapper\">\n\t\t\t\t<i aria-hidden=\"true\" class=\"eicon-caret-down\"><\/i>\t\t\t<\/div>\n\t\t\t<select name=\"form_fields[field_1]\" id=\"form-field-field_1\" class=\"elementor-field-textual elementor-size-sm\" required=\"required\">\n\t\t\t\t\t\t\t\t\t<option value=\"Risteilypaketti\">Risteilypaketti<\/option>\n\t\t\t\t\t\t\t\t\t<option value=\"Asiakastilaisuus tai virkistysp\u00e4iv\u00e4 merell\u00e4\">Asiakastilaisuus tai virkistysp\u00e4iv\u00e4 merell\u00e4<\/option>\n\t\t\t\t\t\t\t\t\t<option value=\"Palaveri tai kokous merell\u00e4\">Palaveri tai kokous merell\u00e4<\/option>\n\t\t\t\t\t\t\t\t\t<option value=\"Helsinki-kierros  \">Helsinki-kierros  <\/option>\n\t\t\t\t\t\t\t\t\t<option value=\"Juhlaristeily Helsingin saaristossa\">Juhlaristeily Helsingin saaristossa<\/option>\n\t\t\t\t\t\t\t\t\t<option value=\"Merellinen lounasristeily\">Merellinen lounasristeily<\/option>\n\t\t\t\t\t\t\t\t\t<option value=\"Yksiyisristeily Porvooseen tai Tallinnaan\">Yksiyisristeily Porvooseen tai Tallinnaan<\/option>\n\t\t\t\t\t\t\t\t\t<option value=\"R\u00e4\u00e4t\u00e4l\u00f6ity risteily\">R\u00e4\u00e4t\u00e4l\u00f6ity risteily<\/option>\n\t\t\t\t\t\t\t\t\t<option value=\"\"><\/option>\n\t\t\t\t\t\t\t<\/select>\n\t\t<\/div>\n\t\t\t\t\t\t<\/div>\n\t\t\t\t\t\t\t\t<div class=\"elementor-field-type-select elementor-field-group elementor-column elementor-field-group-field_3fec599 elementor-col-100 elementor-field-required\">\n\t\t\t\t\t\t\t\t\t\t\t\t<label for=\"form-field-field_3fec599\" class=\"elementor-field-label elementor-screen-only\">\n\t\t\t\t\t\t\t\tRisteilyn kesto\t\t\t\t\t\t\t<\/label>\n\t\t\t\t\t\t\t\t<div class=\"elementor-field elementor-select-wrapper remove-before \">\n\t\t\t<div class=\"select-caret-down-wrapper\">\n\t\t\t\t<i aria-hidden=\"true\" class=\"eicon-caret-down\"><\/i>\t\t\t<\/div>\n\t\t\t<select name=\"form_fields[field_3fec599]\" id=\"form-field-field_3fec599\" class=\"elementor-field-textual elementor-size-sm\" required=\"required\">\n\t\t\t\t\t\t\t\t\t<option value=\"Risteilyn kesto\">Risteilyn kesto<\/option>\n\t\t\t\t\t\t\t\t\t<option value=\"1 tunti\">1 tunti<\/option>\n\t\t\t\t\t\t\t\t\t<option value=\"2 tuntia\">2 tuntia<\/option>\n\t\t\t\t\t\t\t\t\t<option value=\"3 tuntia\">3 tuntia<\/option>\n\t\t\t\t\t\t\t\t\t<option value=\"4 tuntia\">4 tuntia<\/option>\n\t\t\t\t\t\t\t\t\t<option value=\"5 tuntia\">5 tuntia<\/option>\n\t\t\t\t\t\t\t\t\t<option value=\"6 tuntia\">6 tuntia<\/option>\n\t\t\t\t\t\t\t\t\t<option value=\"7 tuntia\">7 tuntia<\/option>\n\t\t\t\t\t\t\t\t\t<option value=\"8 tuntia\">8 tuntia<\/option>\n\t\t\t\t\t\t\t\t\t<option value=\"Muu\">Muu<\/option>\n\t\t\t\t\t\t\t<\/select>\n\t\t<\/div>\n\t\t\t\t\t\t<\/div>\n\t\t\t\t\t\t\t\t<div class=\"elementor-field-type-date elementor-field-group elementor-column elementor-field-group-field_4 elementor-col-100 elementor-field-required\">\n\t\t\t\t\t\t\t\t\t\t\t\t<label for=\"form-field-field_4\" class=\"elementor-field-label elementor-screen-only\">\n\t\t\t\t\t\t\t\tP\u00e4iv\u00e4m\u00e4\u00e4r\u00e4\t\t\t\t\t\t\t<\/label>\n\t\t\t\t\t\t\n\t\t<input type=\"date\" name=\"form_fields[field_4]\" id=\"form-field-field_4\" class=\"elementor-field elementor-size-sm  elementor-field-textual elementor-date-field\" placeholder=\"P\u00e4iv\u00e4m\u00e4\u00e4r\u00e4\" required=\"required\" pattern=\"[0-9]{4}-[0-9]{2}-[0-9]{2}\" min=\"2024-04-01\" max=\"2024-12-31\">\n\t\t\t\t\t\t<\/div>\n\t\t\t\t\t\t\t\t<div class=\"elementor-field-type-text elementor-field-group elementor-column elementor-field-group-field_2 elementor-col-100 elementor-field-required\">\n\t\t\t\t\t\t\t\t\t\t\t\t<label for=\"form-field-field_2\" class=\"elementor-field-label elementor-screen-only\">\n\t\t\t\t\t\t\t\tHenkil\u00f6m\u00e4\u00e4r\u00e4\t\t\t\t\t\t\t<\/label>\n\t\t\t\t\t\t\t\t\t\t\t\t\t\t<input size=\"1\" type=\"text\" name=\"form_fields[field_2]\" id=\"form-field-field_2\" class=\"elementor-field elementor-size-sm  elementor-field-textual\" placeholder=\"Henkil\u00f6m\u00e4\u00e4r\u00e4\" required=\"required\">\n\t\t\t\t\t\t\t\t\t\t\t<\/div>\n\t\t\t\t\t\t\t\t<div class=\"elementor-field-type-textarea elementor-field-group elementor-column elementor-field-group-message elementor-col-100\">\n\t\t\t\t\t\t\t\t\t\t\t\t<label for=\"form-field-message\" class=\"elementor-field-label elementor-screen-only\">\n\t\t\t\t\t\t\t\tLis\u00e4tietoja\t\t\t\t\t\t\t<\/label>\n\t\t\t\t\t\t<textarea class=\"elementor-field-textual elementor-field  elementor-size-sm\" name=\"form_fields[message]\" id=\"form-field-message\" rows=\"4\" placeholder=\"Lis\u00e4tietoja\"><\/textarea>\t\t\t\t<\/div>\n\t\t\t\t\t\t\t\t<div class=\"elementor-field-type-recaptcha_v3 elementor-field-group elementor-column elementor-field-group-field_a1be503 elementor-col-100 recaptcha_v3-bottomright\">\n\t\t\t\t\t<div class=\"elementor-field\" id=\"form-field-field_a1be503\"><div class=\"elementor-g-recaptcha\" data-sitekey=\"6LeL9d8aAAAAALCIIrBPmvWkMUFJQnzWsI13uqhC\" data-type=\"v3\" data-action=\"Form\" data-badge=\"bottomright\" data-size=\"invisible\"><\/div><\/div>\t\t\t\t<\/div>\n\t\t\t\t\t\t\t\t<div class=\"elementor-field-group elementor-column elementor-field-type-submit elementor-col-100 e-form__buttons\">\n\t\t\t\t\t<button class=\"elementor-button elementor-size-sm\" type=\"submit\">\n\t\t\t\t\t\t<span class=\"elementor-button-content-wrapper\">\n\t\t\t\t\t\t\t\t\t\t\t\t\t\t\t\t\t\t\t\t\t\t<span class=\"elementor-button-text\">L\u00e4het\u00e4<\/span>\n\t\t\t\t\t\t\t\t\t\t\t\t\t<\/span>\n\t\t\t\t\t<\/button>\n\t\t\t\t<\/div>\n\t\t\t<\/div>\n\t\t<\/form>\n\t\t\t\t\t\t<\/div>\n\t\t\t\t<\/div>\n\t\t\t\t\t<\/div>\n\t\t<\/div>\n\t\t\t\t\t<\/div>\n\t\t<\/section>\n\t\t\t\t<\/div>\n\t\t","protected":false},"excerpt":{"rendered":"<p>Veneen vuokraus Azimut 42 Tasokas Azimut 42 Fly tarjoaa unohtamattomia veneilyel\u00e4myksi\u00e4 Helsingin saaristossa. Kyytiin mahtuu max. 11 henke\u00e4 ja makuupaikkoja l\u00f6ytyy 6:lle hengelle. Kolme makuuhytti\u00e4, kaksi wc:t\u00e4, kolme suihkua, stereot, kaksi televisiota ja runsaasti j\u00e4\u00e4kaappitilaa luovat mukavuutta ja viihtyvyytt\u00e4 matkalla. Voimme kulkea vieraidemme toiveiden mukaan 25 solmun marssinopeudella tai 9 solmun mukavuusvauhtia maisemia ihaillen. Noin [&hellip;]<\/p>\n","protected":false},"author":1,"featured_media":0,"parent":0,"menu_order":0,"comment_status":"closed","ping_status":"closed","template":"","meta":{"footnotes":""},"class_list":["post-935","page","type-page","status-publish","hentry"],"_links":{"self":[{"href":"https:\/\/mercicharterhelsinki.fi\/en\/wp-json\/wp\/v2\/pages\/935","targetHints":{"allow":["GET"]}}],"collection":[{"href":"https:\/\/mercicharterhelsinki.fi\/en\/wp-json\/wp\/v2\/pages"}],"about":[{"href":"https:\/\/mercicharterhelsinki.fi\/en\/wp-json\/wp\/v2\/types\/page"}],"author":[{"embeddable":true,"href":"https:\/\/mercicharterhelsinki.fi\/en\/wp-json\/wp\/v2\/users\/1"}],"replies":[{"embeddable":true,"href":"https:\/\/mercicharterhelsinki.fi\/en\/wp-json\/wp\/v2\/comments?post=935"}],"version-history":[{"count":20,"href":"https:\/\/mercicharterhelsinki.fi\/en\/wp-json\/wp\/v2\/pages\/935\/revisions"}],"predecessor-version":[{"id":2344,"href":"https:\/\/mercicharterhelsinki.fi\/en\/wp-json\/wp\/v2\/pages\/935\/revisions\/2344"}],"wp:attachment":[{"href":"https:\/\/mercicharterhelsinki.fi\/en\/wp-json\/wp\/v2\/media?parent=935"}],"curies":[{"name":"wp","href":"https:\/\/api.w.org\/{rel}","templated":true}]}}