{"id":2304,"date":"2024-03-24T21:42:34","date_gmt":"2024-03-24T21:42:34","guid":{"rendered":"https:\/\/mercicharterhelsinki.fi\/?page_id=2304"},"modified":"2024-03-24T21:44:31","modified_gmt":"2024-03-24T21:44:31","slug":"evasteiden-kaytto","status":"publish","type":"page","link":"https:\/\/mercicharterhelsinki.fi\/en\/evasteiden-kaytto\/","title":{"rendered":"Ev\u00e4steiden k\u00e4ytt\u00f6"},"content":{"rendered":"<div data-elementor-type=\"wp-page\" data-elementor-id=\"2304\" class=\"elementor elementor-2304\" data-elementor-post-type=\"page\">\n\t\t\t\t\t\t<section class=\"elementor-section elementor-top-section elementor-element elementor-element-be9d140 elementor-section-boxed elementor-section-height-default elementor-section-height-default\" data-id=\"be9d140\" data-element_type=\"section\" data-e-type=\"section\">\n\t\t\t\t\t\t<div class=\"elementor-container elementor-column-gap-default\">\n\t\t\t\t\t<div class=\"elementor-column elementor-col-100 elementor-top-column elementor-element elementor-element-283b964\" data-id=\"283b964\" data-element_type=\"column\" data-e-type=\"column\">\n\t\t\t<div class=\"elementor-widget-wrap elementor-element-populated\">\n\t\t\t\t\t\t<div class=\"elementor-element elementor-element-a3c958f elementor-widget elementor-widget-text-editor\" data-id=\"a3c958f\" data-element_type=\"widget\" data-e-type=\"widget\" data-widget_type=\"text-editor.default\">\n\t\t\t\t<div class=\"elementor-widget-container\">\n\t\t\t\t\t\t\t\t\t<p>T\u00e4t\u00e4 sivustoa k\u00e4ytt\u00e4m\u00e4ll\u00e4 hyv\u00e4ksyt, ett\u00e4 voimme asettaa ev\u00e4steit\u00e4 tietokoneellesi tai mobiililaitteeseesi.<\/p><p><strong>1. Mit\u00e4 ev\u00e4steet ovat?<\/strong><\/p><p>Ev\u00e4steet ovat pieni\u00e4 datatiedostoja, jotka siirtyv\u00e4t tietokoneellesi, kun otat yhteyden johonkin verkkosivustoon. Ev\u00e4steet tallentuvat selaimen k\u00e4ytt\u00e4mien tiedostojen yhteyteen. Lis\u00e4tietoa ev\u00e4steist\u00e4 saat sivulta www.aboutcookies.org.<\/p><p><strong>2. Miksi ev\u00e4steit\u00e4 k\u00e4ytet\u00e4\u00e4n?<\/strong><\/p><p>Ev\u00e4steet tunnistavat tietokoneesi, kun tulet sivustolle uudelleen. Ne muistavat my\u00f6s sivustolla aikaisemmin tekem\u00e4si valinnat ja parantavat siten sivuston k\u00e4ytt\u00f6kokemusta. Ev\u00e4steiden avulla pystyy esimerkiksi tunnistamaan k\u00e4ytt\u00e4j\u00e4n laitteet sek\u00e4 mukauttamaan mahdollisia mainoksia sivuilla sek\u00e4 mahdollisissa muissa palveluissa.<\/p><p><strong>3. Mit\u00e4 ev\u00e4steit\u00e4 k\u00e4ytet\u00e4\u00e4n?<\/strong><\/p><p>Jotkin ev\u00e4steet ovat sivustomme teknisen toiminnan ja k\u00e4yt\u00f6n vuoksi v\u00e4ltt\u00e4m\u00e4tt\u00f6mi\u00e4. N\u00e4m\u00e4 ev\u00e4steet eiv\u00e4t ker\u00e4\u00e4 k\u00e4ytt\u00e4j\u00e4st\u00e4 tietoa, jota voitaisiin hy\u00f6dynt\u00e4\u00e4 markkinoinnissa tai muistamaan k\u00e4ytt\u00e4j\u00e4n valitsemia sivustoja.<\/p><p>Suorituskyky\u00e4 mittaavat ev\u00e4steemme ker\u00e4\u00e4v\u00e4t tietoa siit\u00e4, miten k\u00e4ytt\u00e4j\u00e4t k\u00e4ytt\u00e4v\u00e4t verkkosivujamme (esim. eniten k\u00e4ytetyt sivut, mahdolliset virheviestit). N\u00e4m\u00e4 ev\u00e4steet eiv\u00e4t ker\u00e4\u00e4 k\u00e4ytt\u00e4jist\u00e4 tunnistettavia tietoja, vaan ne ovat anonyymej\u00e4 ja niit\u00e4 k\u00e4ytet\u00e4\u00e4n ainoastaan parantamaan nettisivujen toimivuutta.<\/p><p>Sivuilla olevat kolmansien osapuolten liit\u00e4nn\u00e4ispalvelut (esim. mainokset, YouTube-videot, Google-tilastointi tai Facebook-liit\u00e4nn\u00e4iset) saattavat tallentaa k\u00e4ytt\u00e4j\u00e4n tunnistamiseen k\u00e4ytett\u00e4v\u00e4\u00e4 tietoa, mihin emme valitettavasti voi vaikuttaa. Jos haluat est\u00e4\u00e4 niit\u00e4 seuraamasta liikkumistasi verkossa, voit kytke\u00e4 ns. kolmannen osapuolen ev\u00e4steet pois k\u00e4yt\u00f6st\u00e4 selaimesi asetuksista. Ohjeet l\u00f6yd\u00e4t selaimesi ohjesivuilta.<\/p><p>Sivuillamme saattaa olla my\u00f6s painikkeita, jotka helpottavat sis\u00e4ll\u00f6n jakamista eri verkkoviestint\u00e4ymp\u00e4rist\u00f6ihin ja sosiaaliseen mediaan. Jos k\u00e4yt\u00e4t n\u00e4it\u00e4 painikkeita, valitsemaltasi palvelulta voidaan asettaa ev\u00e4ste p\u00e4\u00e4telaitteellesi. N\u00e4m\u00e4 ev\u00e4steet eiv\u00e4t ole hallinnassamme. Lis\u00e4tietoja kolmannen osapuolen ev\u00e4steiden k\u00e4yt\u00f6st\u00e4 saat kyseisen osapuolen verkkosivulta.<\/p><p><strong>4. Ev\u00e4steiden hallinta ja est\u00e4minen<\/strong><\/p><p>Jos et halua vastaanottaa ev\u00e4steit\u00e4, voit muuttaa Internet-selaimesi asetuksia niin, ett\u00e4 saat ilmoituksen aina kun ev\u00e4steit\u00e4 ollaan l\u00e4hett\u00e4m\u00e4ss\u00e4 tietokoneellesi. Vaihtoehtoisesti voit est\u00e4\u00e4 ev\u00e4steiden k\u00e4yt\u00f6n kokonaan. Ev\u00e4steiden k\u00e4ytt\u00f6\u00e4 voi rajoittaa tai sen voi est\u00e4\u00e4 Internet-selaimen kautta (katso tarkemmat tiedot selaimen ohjeista).<\/p>\t\t\t\t\t\t\t\t<\/div>\n\t\t\t\t<\/div>\n\t\t\t\t\t<\/div>\n\t\t<\/div>\n\t\t\t\t\t<\/div>\n\t\t<\/section>\n\t\t\t\t<\/div>","protected":false},"excerpt":{"rendered":"<p>T\u00e4t\u00e4 sivustoa k\u00e4ytt\u00e4m\u00e4ll\u00e4 hyv\u00e4ksyt, ett\u00e4 voimme asettaa ev\u00e4steit\u00e4 tietokoneellesi tai mobiililaitteeseesi. 1. Mit\u00e4 ev\u00e4steet ovat? Ev\u00e4steet ovat pieni\u00e4 datatiedostoja, jotka siirtyv\u00e4t tietokoneellesi, kun otat yhteyden johonkin verkkosivustoon. Ev\u00e4steet tallentuvat selaimen k\u00e4ytt\u00e4mien tiedostojen yhteyteen. Lis\u00e4tietoa ev\u00e4steist\u00e4 saat sivulta www.aboutcookies.org. 2. Miksi ev\u00e4steit\u00e4 k\u00e4ytet\u00e4\u00e4n? Ev\u00e4steet tunnistavat tietokoneesi, kun tulet sivustolle uudelleen. Ne muistavat my\u00f6s sivustolla aikaisemmin tekem\u00e4si [&hellip;]<\/p>\n","protected":false},"author":1,"featured_media":0,"parent":0,"menu_order":0,"comment_status":"closed","ping_status":"closed","template":"","meta":{"footnotes":""},"class_list":["post-2304","page","type-page","status-publish","hentry"],"_links":{"self":[{"href":"https:\/\/mercicharterhelsinki.fi\/en\/wp-json\/wp\/v2\/pages\/2304","targetHints":{"allow":["GET"]}}],"collection":[{"href":"https:\/\/mercicharterhelsinki.fi\/en\/wp-json\/wp\/v2\/pages"}],"about":[{"href":"https:\/\/mercicharterhelsinki.fi\/en\/wp-json\/wp\/v2\/types\/page"}],"author":[{"embeddable":true,"href":"https:\/\/mercicharterhelsinki.fi\/en\/wp-json\/wp\/v2\/users\/1"}],"replies":[{"embeddable":true,"href":"https:\/\/mercicharterhelsinki.fi\/en\/wp-json\/wp\/v2\/comments?post=2304"}],"version-history":[{"count":4,"href":"https:\/\/mercicharterhelsinki.fi\/en\/wp-json\/wp\/v2\/pages\/2304\/revisions"}],"predecessor-version":[{"id":2308,"href":"https:\/\/mercicharterhelsinki.fi\/en\/wp-json\/wp\/v2\/pages\/2304\/revisions\/2308"}],"wp:attachment":[{"href":"https:\/\/mercicharterhelsinki.fi\/en\/wp-json\/wp\/v2\/media?parent=2304"}],"curies":[{"name":"wp","href":"https:\/\/api.w.org\/{rel}","templated":true}]}}