{"id":2297,"date":"2024-03-24T21:33:24","date_gmt":"2024-03-24T21:33:24","guid":{"rendered":"https:\/\/mercicharterhelsinki.fi\/?page_id=2297"},"modified":"2024-03-24T21:37:52","modified_gmt":"2024-03-24T21:37:52","slug":"tietosuojaseloste","status":"publish","type":"page","link":"https:\/\/mercicharterhelsinki.fi\/en\/tietosuojaseloste\/","title":{"rendered":"Tietosuojaseloste"},"content":{"rendered":"<div data-elementor-type=\"wp-page\" data-elementor-id=\"2297\" class=\"elementor elementor-2297\" data-elementor-post-type=\"page\">\n\t\t\t\t\t\t<section class=\"elementor-section elementor-top-section elementor-element elementor-element-7f4bcd4 elementor-section-boxed elementor-section-height-default elementor-section-height-default\" data-id=\"7f4bcd4\" data-element_type=\"section\" data-e-type=\"section\">\n\t\t\t\t\t\t<div class=\"elementor-container elementor-column-gap-default\">\n\t\t\t\t\t<div class=\"elementor-column elementor-col-100 elementor-top-column elementor-element elementor-element-3b180af\" data-id=\"3b180af\" data-element_type=\"column\" data-e-type=\"column\">\n\t\t\t<div class=\"elementor-widget-wrap elementor-element-populated\">\n\t\t\t\t\t\t<div class=\"elementor-element elementor-element-85e4d14 elementor-widget elementor-widget-text-editor\" data-id=\"85e4d14\" data-element_type=\"widget\" data-e-type=\"widget\" data-widget_type=\"text-editor.default\">\n\t\t\t\t<div class=\"elementor-widget-container\">\n\t\t\t\t\t\t\t\t\t<p>Merci Charter Helsinki henkil\u00f6tietolain (10 ja 24 \u00a7) ja EU:n yleisen tietosuoja-asetuksen (GDPR) mukainen rekisteri- ja tietosuojaseloste.<\/p><p>P\u00e4ivitetty 24.3.2024<\/p><p><strong><span style=\"background-color: transparent;\">1.\u00a0<\/span><span style=\"background-color: transparent;\">Rekisterin nimi<\/span><\/strong><\/p><p>Merci Charter Helsinki asiakas- ja sidosryhm\u00e4rekisteri<\/p><p><strong>2. Yhteyshenkil\u00f6 rekisteri\u00e4 koskevissa asioissa<\/strong><\/p><p>Jarkko Lahti<br \/>Puh. +358 40\u00a0747 3191<br \/>jarkko.lahti@peoplemanagement.fi<\/p><p><strong>3. Henkil\u00f6tietojen k\u00e4sittelyn tarkoitus<\/strong><\/p><p>Rekisterin tarkoituksena on asiakas- tai yhteisty\u00f6suhteen hoitaminen. Henkil\u00f6tietoja k\u00e4ytet\u00e4\u00e4n asiakaspalveluun, viestint\u00e4\u00e4n ja palveluiden markkinoimiseen. Tietoja voidaan k\u00e4ytt\u00e4\u00e4 my\u00f6s palveluiden suunnitteluun ja kehitt\u00e4miseen.<\/p><p><strong>4. Rekisterin tietosis\u00e4lt\u00f6<\/strong><\/p><p>Asiakas- ja sidosryhm\u00e4rekisteriin talletetaan Merci Charter Helsinki asiakkaat, yhteisty\u00f6kumppanit, mediayhteydet, satunnaiset tilaisuuksiin osallistujat sek\u00e4 muut sidosryhm\u00e4t.<\/p><p>Rekister\u00f6idyist\u00e4 ker\u00e4t\u00e4\u00e4n rekisteriin nimi, osoite, puhelinnumero, s\u00e4hk\u00f6postiosoite, asema yrityksess\u00e4 sek\u00e4 tarvittaessa laskutustiedot. Tilaisuuksiin osallistuvilta voidaan tallentaa lis\u00e4ksi ammattinimike sek\u00e4 tieto mahdollisista erikoisruokavalioista. Ulkomaan matkojen yhteydess\u00e4 tallennetaan tarvittaessa my\u00f6s syntym\u00e4aika ja passin numero.<\/p><p><strong>5. S\u00e4\u00e4nn\u00f6nmukaiset tietol\u00e4hteet<\/strong><\/p><p>Rekisteriin tallennettavat tiedot saadaan asiakkaalta mm. www-lomakkeilla l\u00e4hetetyist\u00e4 viesteist\u00e4, s\u00e4hk\u00f6postitse, puhelimitse, sosiaalisen median palvelujen kautta, sopimuksista, asiakastapaamisista ja muista tilanteista, joissa asiakas luovuttaa tietojaan.<\/p><p><strong>6. Tietojen s\u00e4\u00e4nn\u00f6nmukaiset luovutukset<\/strong><\/p><p>L\u00e4ht\u00f6kohtaisesti tietoja ei luovuteta kolmansille osapuolille. Tietoja voidaan kuitenkin luovuttaa toimivaltaisten viranomaisten tai muiden tahojen esitt\u00e4mien vaatimusten edellytt\u00e4m\u00e4ll\u00e4, kulloinkin voimassa olevaan lains\u00e4\u00e4d\u00e4nt\u00f6\u00f6n perustuvalla tavalla. Tietoja voidaan luovuttaa mahdollisen yritys- tai liiketoimintakaupan, fuusion, ulkoistuksen tai liiketoimintakaupan yhteydess\u00e4. Lis\u00e4ksi voimme luovuttaa tietoja, mik\u00e4li arvioimme ett\u00e4 luovuttaminen on v\u00e4ltt\u00e4m\u00e4t\u00f6nt\u00e4 oikeuksiemme toteuttamiseksi, rekister\u00f6ityjen tai muiden turvallisuuden suojelemiseksi, v\u00e4\u00e4rink\u00e4yt\u00f6sten tutkimiseksi tai viranomaisen pyynt\u00f6\u00f6n vastaamiseksi.<\/p><p>Merci Charter Helsinki ei luovuta tietoja markkinointitarkoituksiin.<\/p><p><strong>7. Tietojen siirto EU:n tai ETA:n ulkopuolelle<\/strong><\/p><p>Rekisterin tietoja ei siirret\u00e4 EU:n tai ETA:n ulkopuolelle.<\/p><p><strong>8. Tietojen s\u00e4ilytys<\/strong><\/p><p>Merci Charter Helsinki poistaa rekisterist\u00e4 tiedot, kun tietojen k\u00e4sitellylle ei ole en\u00e4\u00e4 liiketoiminnallista perustetta. Henkil\u00f6tietoja k\u00e4sitell\u00e4\u00e4n asiakassuhteen voimassaolon ajan sek\u00e4 sen j\u00e4lkeen tarpeellisen ajan takuu- ja virhevastuiden hoitamiseksi. Henkil\u00f6tiedot tuhotaan ylikirjoittamalla. Tietoja ei kuitenkaan poisteta, jos laissa m\u00e4\u00e4r\u00e4t\u00e4\u00e4n eri tavalla tai toimivaltainen viranomainen on k\u00e4ynnist\u00e4nyt prosessin, joka edellytt\u00e4\u00e4 Merci Charter Helsinkin s\u00e4ilytt\u00e4m\u00e4\u00e4n tietoja tai muu taho on hakenut Suomen oikeudelta turvasuojaamisp\u00e4\u00e4t\u00f6st\u00e4 tiedoille.<\/p><p><strong>9. Rekisterin suojauksen periaatteet<\/strong><\/p><p>Rekisterin tietokannat ja niist\u00e4 otetut varmistukset on suojattu asianmukaisesti. Digitaalisesti tallennetut ja k\u00e4sitelt\u00e4v\u00e4t tiedot ovat tietokannoissa, jotka ovat palomuurein, salasanoin ja muiden teknisten keinojen avulla suojattuja.<\/p><p><strong>10. Tarkastusoikeus<br \/><\/strong><br \/>Rekister\u00f6idyll\u00e4 on oikeus tarkastaa, mit\u00e4 h\u00e4nt\u00e4 koskevia tietoja rekisteriin on tallennettu. Lis\u00e4ksi h\u00e4nell\u00e4 on riitt\u00e4v\u00e4n tarkan ja yksil\u00f6idyn tarkastuspyynn\u00f6n tehty\u00e4\u00e4n oikeus saada tietoonsa itse\u00e4\u00e4n koskevat ja tallenteiden sis\u00e4lt\u00e4m\u00e4t tiedot. Tarkastuspyynt\u00f6 tulee osoittaa kirjallisesti, allekirjoitettuna rekisterinpit\u00e4j\u00e4n yhteyshenkil\u00f6lle ja liitt\u00e4\u00e4 mukaan kopio kuvallisesta henkil\u00f6todistuksesta.<\/p><p><strong>11. Oikeus vaatia tiedon korjaamista ja poistamista<\/strong><\/p><p>Rekister\u00f6idyll\u00e4 on oikeus pyyt\u00e4\u00e4 virheellisten tai puutteellisten tietojensa oikaisemista tai t\u00e4ydent\u00e4mist\u00e4 taikka rekisteriss\u00e4 olevien tietojensa poistamista. Mik\u00e4li henkil\u00f6tiedoissa on virhe, se oikaistaan viipym\u00e4tt\u00e4.<\/p><p><strong>12. Muut henkil\u00f6tietojen k\u00e4sittelyyn liittyv\u00e4t oikeudet<\/strong><\/p><p>Rekister\u00f6idyll\u00e4 on oikeus vastustaa tietojen k\u00e4sittely\u00e4, jos henkil\u00f6tietojen k\u00e4sittelyn perusteena on rekisterinpit\u00e4j\u00e4n oikeutettu etu. Rekister\u00f6idyll\u00e4 on aina oikeus kielt\u00e4\u00e4 suoramarkkinointi. Rekister\u00f6idyll\u00e4 on my\u00f6s oikeus siirt\u00e4\u00e4 kyseiset tiedot toiselle rekisterinpit\u00e4j\u00e4lle.<\/p><p><strong>13. Muutokset tietosuojaselosteeseen<\/strong><\/p><p>P\u00e4ivit\u00e4mme tietosuojaselosteemme muutokset verkkopalveluumme. Asiakas hyv\u00e4ksyy muutetut sopimusehdot jatkamalla Merci Charter Helsinki palveluiden k\u00e4ytt\u00f6\u00e4. Henkil\u00f6tietojen k\u00e4sittely\u00e4 koskeva sopimusliite ei siten edellyt\u00e4 asiakkaalta allekirjoitusta tai muita aktiivisia toimenpiteit\u00e4.<\/p>\t\t\t\t\t\t\t\t<\/div>\n\t\t\t\t<\/div>\n\t\t\t\t\t<\/div>\n\t\t<\/div>\n\t\t\t\t\t<\/div>\n\t\t<\/section>\n\t\t\t\t<\/div>","protected":false},"excerpt":{"rendered":"<p>Merci Charter Helsinki henkil\u00f6tietolain (10 ja 24 \u00a7) ja EU:n yleisen tietosuoja-asetuksen (GDPR) mukainen rekisteri- ja tietosuojaseloste. P\u00e4ivitetty 24.3.2024 1.\u00a0Rekisterin nimi Merci Charter Helsinki asiakas- ja sidosryhm\u00e4rekisteri 2. Yhteyshenkil\u00f6 rekisteri\u00e4 koskevissa asioissa Jarkko LahtiPuh. +358 40\u00a0747 3191jarkko.lahti@peoplemanagement.fi 3. Henkil\u00f6tietojen k\u00e4sittelyn tarkoitus Rekisterin tarkoituksena on asiakas- tai yhteisty\u00f6suhteen hoitaminen. Henkil\u00f6tietoja k\u00e4ytet\u00e4\u00e4n asiakaspalveluun, viestint\u00e4\u00e4n ja palveluiden markkinoimiseen. [&hellip;]<\/p>\n","protected":false},"author":1,"featured_media":0,"parent":0,"menu_order":0,"comment_status":"closed","ping_status":"closed","template":"","meta":{"footnotes":""},"class_list":["post-2297","page","type-page","status-publish","hentry"],"_links":{"self":[{"href":"https:\/\/mercicharterhelsinki.fi\/en\/wp-json\/wp\/v2\/pages\/2297","targetHints":{"allow":["GET"]}}],"collection":[{"href":"https:\/\/mercicharterhelsinki.fi\/en\/wp-json\/wp\/v2\/pages"}],"about":[{"href":"https:\/\/mercicharterhelsinki.fi\/en\/wp-json\/wp\/v2\/types\/page"}],"author":[{"embeddable":true,"href":"https:\/\/mercicharterhelsinki.fi\/en\/wp-json\/wp\/v2\/users\/1"}],"replies":[{"embeddable":true,"href":"https:\/\/mercicharterhelsinki.fi\/en\/wp-json\/wp\/v2\/comments?post=2297"}],"version-history":[{"count":5,"href":"https:\/\/mercicharterhelsinki.fi\/en\/wp-json\/wp\/v2\/pages\/2297\/revisions"}],"predecessor-version":[{"id":2302,"href":"https:\/\/mercicharterhelsinki.fi\/en\/wp-json\/wp\/v2\/pages\/2297\/revisions\/2302"}],"wp:attachment":[{"href":"https:\/\/mercicharterhelsinki.fi\/en\/wp-json\/wp\/v2\/media?parent=2297"}],"curies":[{"name":"wp","href":"https:\/\/api.w.org\/{rel}","templated":true}]}}